{"id":3,"date":"2024-02-21T13:00:16","date_gmt":"2024-02-21T12:00:16","guid":{"rendered":"https:\/\/catermat.200.solutions\/subdomains\/ondatra\/?page_id=3"},"modified":"2024-03-17T02:05:08","modified_gmt":"2024-03-17T01:05:08","slug":"ochrana-osobnich-udaju","status":"publish","type":"page","link":"https:\/\/catermat.200.solutions\/?page_id=3","title":{"rendered":"Z\u00e1sady ochrany osobn\u00edch \u00fadaj\u016f"},"content":{"rendered":"\n<p><strong>Prohl\u00e1\u0161en\u00ed o zpracov\u00e1n\u00ed osobn\u00edch \u00fadaj\u016f (GDPR)<\/strong><\/p>\n\n\n\n<p>Informace o zpracov\u00e1n\u00ed osobn\u00edch \u00fadaj\u016f dle obecn\u00e9ho na\u0159\u00edzen\u00ed o ochran\u011b osobn\u00edch \u00fadaj\u016f (GDPR) a z\u00e1kona \u010d. 110\/2019 Sb., o zpracov\u00e1n\u00ed osobn\u00edch \u00fadaj\u016f.<\/p>\n\n\n\n<p><strong>Spr\u00e1vce osobn\u00edch \u00fadaj\u016f<\/strong><\/p>\n\n\n\n<p><strong>EXPRESS DELI s.r.o.<\/strong><\/p>\n\n\n\n<p>K uplatn\u011bn\u00ed pr\u00e1v v oblasti osobn\u00edch \u00fadaj\u016f se na n\u00e1s m\u016f\u017eete obracet emailem na adrese, kter\u00e1 je uveden\u00e1 v&nbsp;sekci Kontakty, po\u0161tou na adresu v\u00fd\u0161e.<\/p>\n\n\n\n<p><strong>\u00da\u010dely a pr\u00e1vn\u00ed d\u016fvod zpracov\u00e1n\u00ed osobn\u00edch \u00fadaj\u016f<\/strong><\/p>\n\n\n\n<p>Osobn\u00ed \u00fadaje zpracov\u00e1v\u00e1me za \u00fa\u010delem zaji\u0161t\u011bn\u00ed funk\u010dnosti internetov\u00e9 str\u00e1nky. D\u016fvodem je opr\u00e1vn\u011bn\u00fd z\u00e1jem spr\u00e1vce.<\/p>\n\n\n\n<p><strong>Opr\u00e1vn\u011bn\u00e9 z\u00e1jmy spr\u00e1vce<\/strong><\/p>\n\n\n\n<p>Mezi na\u0161e opr\u00e1vn\u011bn\u00e9 z\u00e1jmy pat\u0159\u00ed:<\/p>\n\n\n\n<ul class=\"wp-block-list\">\n<li>Poskytov\u00e1n\u00ed internetov\u00e9ho obsahu<\/li>\n\n\n\n<li>Vytv\u00e1\u0159en\u00ed a zpracov\u00e1v\u00e1n\u00ed formul\u00e1\u0159\u016f a smluv<\/li>\n<\/ul>\n\n\n\n<p><strong>Kategorie osobn\u00edch \u00fadaj\u016f<\/strong><\/p>\n\n\n\n<p>Ve v\u011bt\u0161in\u011b p\u0159\u00edpad\u016f zpracov\u00e1v\u00e1me osobn\u00ed \u00fadaje, kter\u00e9 jste n\u00e1m vyplnili v r\u00e1mci formul\u00e1\u0159e nebo smlouvy. M\u016f\u017eeme zpracov\u00e1vat tak\u00e9 \u00fadaje z ve\u0159ejn\u011b dostupn\u00fdch evidenc\u00ed a zdroj\u016f.<\/p>\n\n\n\n<p><strong>Pr\u00e1va subjekt\u016f \u00fadaj\u016f a povinnosti spr\u00e1vce<\/strong><\/p>\n\n\n\n<p>Jako\u017eto subjekt \u00fadaj\u016f m\u00e1te v&nbsp;souvislosti se zpracov\u00e1n\u00edm osobn\u00edch \u00fadaj\u016f n\u00e1sleduj\u00edc\u00ed pr\u00e1va:<\/p>\n\n\n\n<ol class=\"wp-block-list\">\n<li>Pokud jste ud\u011blil(a) souhlas se zpracov\u00e1n\u00edm osobn\u00edch \u00fadaj\u016f, tak m\u00e1te pr\u00e1vo tento souhlas odvolat ve smyslu \u010dl. 7&nbsp;odst. 3&nbsp;GDPR;<\/li>\n\n\n\n<li>Pr\u00e1vo na informace ve smyslu \u010dl. 13-14 GDPR;<\/li>\n\n\n\n<li>Pr\u00e1vo na p\u0159\u00edstup k&nbsp;osobn\u00edm \u00fadaj\u016fm ve smyslu \u010dl. 15 GDPR;<\/li>\n\n\n\n<li>Pr\u00e1vo na opravu ve smyslu \u010dl. 16 GDPR;<\/li>\n\n\n\n<li>Pr\u00e1vo na v\u00fdmaz ve smyslu \u010dl. 17 GDPR;<\/li>\n\n\n\n<li>Pr\u00e1vo na omezen\u00ed zpracov\u00e1n\u00ed ve smyslu \u010dl. 18 GDPR;<\/li>\n\n\n\n<li>Pr\u00e1vo na p\u0159enositelnost \u00fadaj\u016f ve smyslu \u010dl. 20 GDPR;<\/li>\n\n\n\n<li>Pr\u00e1vo vzn\u00e9st n\u00e1mitku ve smyslu \u010dl. 21 GDPR;<\/li>\n\n\n\n<li>Pr\u00e1vo neb\u00fdt p\u0159edm\u011btem \u017e\u00e1dn\u00e9ho rozhodnut\u00ed zalo\u017een\u00e9ho v\u00fdhradn\u011b na automatizovan\u00e9m zpracov\u00e1n\u00ed. v\u010detn\u011b profilov\u00e1n\u00ed ve smyslu \u010dl. 22 GDPR.<\/li>\n<\/ol>\n\n\n\n<p>M\u00e1te pr\u00e1vo na p\u0159\u00edstup ke sv\u00fdm osobn\u00edm \u00fadaj\u016fm. T\u00edm se rozum\u00ed, \u017ee na z\u00e1klad\u011b \u017e\u00e1dosti m\u00e1te pr\u00e1vo od n\u00e1s z\u00edskat informaci (potvrzen\u00ed), zda jsou \u010di nejsou va\u0161e osobn\u00ed \u00fadaje zpracov\u00e1v\u00e1ny a pokud jsou, m\u00e1te pr\u00e1vo tyto osobn\u00ed \u00fadaje z\u00edskat a z\u00e1rove\u0148 m\u00e1te pr\u00e1vo z\u00edskat n\u00e1sleduj\u00edc\u00ed informace:<\/p>\n\n\n\n<ul class=\"wp-block-list\">\n<li>\u00fa\u010dely zpracov\u00e1n\u00ed,<\/li>\n\n\n\n<li>kategorie dot\u010den\u00fdch osobn\u00edch \u00fadaj\u016f,<\/li>\n\n\n\n<li>p\u0159\u00edjemci nebo kategorie p\u0159\u00edjemc\u016f, kter\u00fdm osobn\u00ed \u00fadaje byly nebo budou zp\u0159\u00edstupn\u011bny,<\/li>\n\n\n\n<li>pl\u00e1novan\u00e1 doba, po kterou budou osobn\u00ed \u00fadaje ulo\u017eeny,<\/li>\n\n\n\n<li>ve\u0161ker\u00e9 dostupn\u00e9 informace o zdroji osobn\u00edch \u00fadaj\u016f, pokud nejsou z\u00edsk\u00e1ny od subjektu \u00fadaj\u016f,<\/li>\n<\/ul>\n\n\n\n<p>Pokud se domn\u00edv\u00e1te, \u017ee zpracov\u00e1v\u00e1me nep\u0159esn\u00e9 \u00fadaje, m\u016f\u017eete vyu\u017e\u00edt sv\u00e9 pr\u00e1vo na opravu. Ozn\u00e1m\u00edte-li n\u00e1m, \u017ee po\u017eadujete opravu sv\u00fdch osobn\u00edch \u00fadaj\u016f, m\u00e1me povinnost se va\u0161\u00ed \u017e\u00e1dost\u00ed zab\u00fdvat.<\/p>\n\n\n\n<p>Pr\u00e1vo na v\u00fdmaz p\u0159edstavuje jin\u00fdmi slovy na\u0161i povinnost zlikvidovat va\u0161e osobn\u00ed \u00fadaje, pokud je spln\u011bna alespo\u0148 jedna podm\u00ednka:<\/p>\n\n\n\n<ul class=\"wp-block-list\">\n<li>osobn\u00ed \u00fadaje ji\u017e nejsou pot\u0159ebn\u00e9 pro \u00fa\u010dely, pro kter\u00e9 byly shrom\u00e1\u017ed\u011bny nebo jinak zpracov\u00e1ny,<\/li>\n\n\n\n<li>odvol\u00e1te souhlas a neexistuje \u017e\u00e1dn\u00fd dal\u0161\u00ed pr\u00e1vn\u00ed d\u016fvod pro zpracov\u00e1n\u00ed,<\/li>\n\n\n\n<li>vznesete n\u00e1mitky proti zpracov\u00e1n\u00ed a neexistuj\u00ed \u017e\u00e1dn\u00e9 p\u0159eva\u017euj\u00edc\u00ed opr\u00e1vn\u011bn\u00e9 d\u016fvody pro zpracov\u00e1n\u00ed,<\/li>\n\n\n\n<li>osobn\u00ed \u00fadaje byly zpracov\u00e1ny protipr\u00e1vn\u011b,<\/li>\n\n\n\n<li>osobn\u00ed \u00fadaje mus\u00ed b\u00fdt vymaz\u00e1ny ke spln\u011bn\u00ed pr\u00e1vn\u00ed povinnosti,<\/li>\n\n\n\n<li>osobn\u00ed \u00fadaje byly shrom\u00e1\u017ed\u011bny v souvislosti s nab\u00eddkou slu\u017eeb informa\u010dn\u00ed spole\u010dnosti podle \u010dl\u00e1nku 8 odst. 1 obecn\u00e9ho na\u0159\u00edzen\u00ed.<\/li>\n<\/ul>\n\n\n\n<p>Pr\u00e1vo na v\u00fdmaz se tedy uplatn\u00ed jen ve vy\u010dten\u00fdch bodech, tj. kdy\u017e nastane dan\u00e1 okolnost.<\/p>\n\n\n\n<p>Pr\u00e1vo na v\u00fdmaz nen\u00ed absolutn\u00ed pr\u00e1vo, kter\u00e9 by v\u00e1m d\u00e1valo mo\u017enost \u017e\u00e1dat kdykoli a za jak\u00e9koli situace o vymaz\u00e1n\u00ed osobn\u00edch \u00fadaj\u016f. Nelze nap\u0159. v r\u00e1mci tohoto pr\u00e1va \u017e\u00e1dat likvidaci v\u0161ech osobn\u00edch \u00fadaj\u016f, jeliko\u017e se na n\u00e1s vztahuj\u00ed povinnosti o dal\u0161\u00edm uchov\u00e1n\u00ed n\u011bkter\u00fdch osobn\u00edch \u00fadaj\u016f.<\/p>\n\n\n\n<p><strong>M\u00e1te pr\u00e1vo na omezen\u00ed zpracov\u00e1n\u00ed osobn\u00edch \u00fadaj\u016f pokud:<\/strong><\/p>\n\n\n\n<ul class=\"wp-block-list\">\n<li>pop\u00edr\u00e1te p\u0159esnost osobn\u00edch \u00fadaj\u016f, a to na dobu pot\u0159ebnou k tomu, abychom mohli p\u0159esnost osobn\u00edch \u00fadaj\u016f ov\u011b\u0159it,<\/li>\n\n\n\n<li>zpracov\u00e1n\u00ed je protipr\u00e1vn\u00ed a vy odm\u00edt\u00e1te v\u00fdmaz osobn\u00edch \u00fadaj\u016f a \u017e\u00e1d\u00e1te m\u00edsto toho o omezen\u00ed jejich pou\u017eit\u00ed,<\/li>\n\n\n\n<li>va\u0161e osobn\u00ed \u00fadaje ji\u017e nepot\u0159ebujeme pro \u00fa\u010dely zpracov\u00e1n\u00ed, ale vy je po\u017eaduje pro ur\u010den\u00ed, v\u00fdkon nebo obhajobu pr\u00e1vn\u00edch n\u00e1rok\u016f,<\/li>\n\n\n\n<li>hodl\u00e1te uplatnit pr\u00e1vo vzn\u00e9st n\u00e1mitku proti zpracov\u00e1n\u00ed osobn\u00edch \u00fadaj\u016f.<\/li>\n\n\n\n<li>Podstatou pr\u00e1va na p\u0159enositelnost (toto pr\u00e1vo se neuplatn\u00ed na zpracov\u00e1n\u00ed nezbytn\u00e9 pro spln\u011bn\u00ed \u00fakolu prov\u00e1d\u011bn\u00e9ho ve ve\u0159ejn\u00e9m z\u00e1jmu nebo p\u0159i v\u00fdkonu ve\u0159ejn\u00e9 moci, kter\u00fdm je spr\u00e1vce pov\u011b\u0159en) je mo\u017enost za ur\u010dit\u00fdch podm\u00ednek z\u00edskat osobn\u00ed \u00fadaje, je\u017e jste n\u00e1m poskytli, ve strukturovan\u00e9m, b\u011b\u017en\u011b pou\u017e\u00edvan\u00e9m a strojov\u011b \u010diteln\u00e9m form\u00e1tu, a pr\u00e1vo p\u0159edat tyto \u00fadaje jin\u00e9mu spr\u00e1vci, je-li to technicky provediteln\u00e9.<\/li>\n<\/ul>\n\n\n\n<p><strong>Spole\u010dn\u00e9 podm\u00ednky k aplikaci pr\u00e1va na p\u0159enositelnost:<\/strong><\/p>\n\n\n\n<ul class=\"wp-block-list\">\n<li>mus\u00ed j\u00edt o zpracov\u00e1n\u00ed zalo\u017een\u00e9 na souhlasu se zpracov\u00e1n\u00edm \u010di smlouv\u011b,<\/li>\n\n\n\n<li>zpracov\u00e1n\u00ed se prov\u00e1d\u00ed automatizovan\u011b.<\/li>\n\n\n\n<li>V\u00fdkonem pr\u00e1va na p\u0159enositelnost nesm\u00ed b\u00fdt nep\u0159\u00edzniv\u011b dot\u010dena pr\u00e1va a svobody jin\u00fdch osob.<\/li>\n<\/ul>\n\n\n\n<p><strong>Pokud je zpracov\u00e1n\u00ed osobn\u00edch \u00fadaj\u016f zalo\u017eeno na souhlasu, m\u00e1te pr\u00e1vo odvolat tento souhlas.<\/strong><\/p>\n\n\n\n<p>M\u00e1te pr\u00e1vo podat st\u00ed\u017enost u dozorov\u00e9ho \u00fa\u0159adu, pokud se domn\u00edv\u00e1te, \u017ee zpracov\u00e1n\u00edm va\u0161ich osobn\u00edch \u00fadaj\u016f je poru\u0161eno GDPR. Dozorov\u00fdm \u00fa\u0159adem je \u00da\u0159ad pro ochranu osobn\u00edch \u00fadaj\u016f (\u00daOO\u00da) \u2013 www.uoou.cz, Pplk. Sochora 27, 170 00 Praha 7. V&nbsp;p\u0159\u00edpad\u011b z\u00e1sahu do Va\u0161ich ve\u0159ejn\u00fdch subjektivn\u00edch pr\u00e1v se m\u016f\u017eete obr\u00e1tit i na soud.<\/p>\n","protected":false},"excerpt":{"rendered":"<p>Prohl\u00e1\u0161en\u00ed o zpracov\u00e1n\u00ed osobn\u00edch \u00fadaj\u016f (GDPR) Informace o zpracov\u00e1n\u00ed osobn\u00edch \u00fadaj\u016f dle obecn\u00e9ho na\u0159\u00edzen\u00ed o ochran\u011b osobn\u00edch \u00fadaj\u016f (GDPR) a z\u00e1kona \u010d. 110\/2019 Sb., o [&hellip;]<\/p>\n","protected":false},"author":1,"featured_media":0,"parent":0,"menu_order":0,"comment_status":"closed","ping_status":"open","template":"","meta":{"_acf_changed":false,"inline_featured_image":false,"footnotes":""},"class_list":["post-3","page","type-page","status-publish","hentry"],"acf":[],"_links":{"self":[{"href":"https:\/\/catermat.200.solutions\/index.php?rest_route=\/wp\/v2\/pages\/3","targetHints":{"allow":["GET"]}}],"collection":[{"href":"https:\/\/catermat.200.solutions\/index.php?rest_route=\/wp\/v2\/pages"}],"about":[{"href":"https:\/\/catermat.200.solutions\/index.php?rest_route=\/wp\/v2\/types\/page"}],"author":[{"embeddable":true,"href":"https:\/\/catermat.200.solutions\/index.php?rest_route=\/wp\/v2\/users\/1"}],"replies":[{"embeddable":true,"href":"https:\/\/catermat.200.solutions\/index.php?rest_route=%2Fwp%2Fv2%2Fcomments&post=3"}],"version-history":[{"count":2,"href":"https:\/\/catermat.200.solutions\/index.php?rest_route=\/wp\/v2\/pages\/3\/revisions"}],"predecessor-version":[{"id":2428,"href":"https:\/\/catermat.200.solutions\/index.php?rest_route=\/wp\/v2\/pages\/3\/revisions\/2428"}],"wp:attachment":[{"href":"https:\/\/catermat.200.solutions\/index.php?rest_route=%2Fwp%2Fv2%2Fmedia&parent=3"}],"curies":[{"name":"wp","href":"https:\/\/api.w.org\/{rel}","templated":true}]}}