{"id":27,"date":"2024-02-21T15:09:59","date_gmt":"2024-02-21T14:09:59","guid":{"rendered":"https:\/\/catermat.200.solutions\/?page_id=27"},"modified":"2024-03-14T08:40:14","modified_gmt":"2024-03-14T07:40:14","slug":"obchodni-podminky","status":"publish","type":"page","link":"https:\/\/catermat.200.solutions\/?page_id=27","title":{"rendered":"Obchodn\u00ed podm\u00ednky"},"content":{"rendered":"\n<p><strong>Obecn\u00e9 informace<\/strong><br>Tento objedn\u00e1vkov\u00fd syst\u00e9m (d\u00e1le jen SYST\u00c9M) je provozov\u00e1n spole\u010dnost\u00ed EXPRESS DELI s.r.o. a je ur\u010den POUZE registrovan\u00fdm u\u017eivatel\u016fm, kte\u0159\u00ed jsou autorizov\u00e1ni spole\u010dnost\u00ed EXPRESS DELI. Pou\u017e\u00edv\u00e1n\u00edm tohoto syst\u00e9mu z\u00e1kazn\u00edk souhlas\u00ed s t\u011bmito obchodn\u00edmi podm\u00ednkami.<\/p>\n\n\n\n<p>Syst\u00e9m slou\u017e\u00ed pro jednodu\u0161\u0161\u00ed sb\u011br objedn\u00e1vek. Ve\u0161ker\u00e9 takto vytvo\u0159en\u00e9 objedn\u00e1vky slou\u017e\u00ed pouze informativn\u00edm zp\u016fsobem a nezakl\u00e1daj\u00ed povinnost EXPRESS DELI s.r.o. (d\u00e1le jen ED) zbo\u017e\u00ed doru\u010dit. Teprve potvrzen\u00edm objedn\u00e1vky, kterou za\u0161le obchodn\u00ed odd\u011blen\u00ed spole\u010dnosti ED na registrovan\u00fd email registrovan\u00e9ho z\u00e1kazn\u00edka vznik\u00e1 z\u00e1vazek ED, \u017ee dan\u00fd sortiment dod\u00e1.<\/p>\n\n\n\n<p>ED si vyhrazuje pr\u00e1vo na opravu \u010di zm\u011bnu jak\u00e9koliv informace uveden\u00e9 v tomto syst\u00e9mu.<\/p>\n\n\n\n<p>Objedn\u00e1vky p\u0159ijat\u00e9 ve v\u0161edn\u00ed dny v dob\u011b 9:00-17:00 hod mohou b\u00fdt doru\u010deny n\u00e1sleduj\u00edc\u00ed pracovn\u00ed den ve vybran\u00e9m \u010dasov\u00e9m intervalu. Objedn\u00e1vky p\u0159ijat\u00e9 mimo tuto dobu budou zpracov\u00e1ny n\u00e1sleduj\u00edc\u00ed pracovn\u00ed den.<\/p>\n\n\n\n<p>Provozn\u00ed doba SYST\u00c9MU je nonstop.<\/p>\n\n\n\n<p>Pou\u017eit\u00ed jak\u00fdchkoliv informac\u00ed uveden\u00fdch v SYST\u00c9MU (fotografie, texty, apod.) je mo\u017en\u00e9 pouze na z\u00e1klad\u011b p\u00edsemn\u00e9ho souhlasu ED.<\/p>\n\n\n\n<p>Pou\u017e\u00edv\u00e1n\u00edm tohoto syst\u00e9mu u\u017eivatel d\u00e1v\u00e1 souhlas, \u017ee spole\u010dnost EXPRESS DELI bude zpracov\u00e1vat ve\u0161ker\u00e9 \u00fadaje, kter\u00e9 u\u017eivatel prost\u0159ednictv\u00edm tohoto syst\u00e9mu p\u0159edal.<\/p>\n\n\n\n<p>ED si vyhrazuje umo\u017enit p\u0159\u00edstup do syst\u00e9mu pouze vybran\u00fdm u\u017eivatel\u016fm na z\u00e1klad\u011b sv\u00e9 svobodn\u00e9 v\u016fle. V p\u0159\u00edpad\u011b jak\u00fdchkoliv dotaz\u016f n\u00e1s kontaktujte na telefonu 222 510 446 nebo emailem na catermat@catermat.com<\/p>\n\n\n\n<p><strong>Fakturace<\/strong><br>ED vystavuje faktury dle instrukc\u00ed v objedn\u00e1vce, tzn. \u017ee objedn\u00e1vaj\u00edc\u00ed a registrovan\u00fd subjekt je ten, na kter\u00fd bude vystaven da\u0148ov\u00fd doklad. N\u00e1sledn\u00e9 po\u017eadavky na zm\u011bnu da\u0148ov\u00e9ho dokladu nejsou mo\u017en\u00e9 po realizaci objedn\u00e1vky. ED. je pl\u00e1tcem DPH. Ve\u0161ker\u00e9 da\u0148ov\u00e9 doklady mus\u00ed b\u00fdt vystaveny nejpozd\u011bji do 15 dn\u016f ode dne, kdy vznikla povinnost p\u0159iznat da\u0148, nebo p\u0159iznat uskute\u010dn\u011bn\u00ed pln\u011bn\u00ed.<\/p>\n\n\n\n<p><strong>Dopl\u0148kov\u00e9 slu\u017eby<\/strong><br>V p\u0159\u00edpad\u011b objedn\u00e1n\u00ed zbo\u017e\u00ed v\u010detn\u011b zap\u016fj\u010den\u00e9ho invent\u00e1\u0159e nebo mobili\u00e1\u0159e jsou k objedn\u00e1vk\u00e1m \u00fa\u010dtov\u00e1ny n\u00e1klady na instalaci a svoz. V\u00fd\u0161e n\u00e1klad\u016f na tyto slu\u017eby je uveden\u00e9 v kalkulaci.<\/p>\n\n\n\n<p>Objedn\u00e1vky s invent\u00e1\u0159em a obsluhou mus\u00ed b\u00fdt potvrzeny ze strany z\u00e1kazn\u00edka nejpozd\u011bji 2 pracovn\u00ed dny p\u0159ed dod\u00e1n\u00edm.<\/p>\n\n\n\n<p><strong>Pron\u00e1jem invent\u00e1\u0159e<\/strong><br>Smluven\u00fd invent\u00e1\u0159 bude ve firm\u011b p\u0159ed\u00e1n na z\u00e1klad\u011b podpisu p\u0159eb\u00edraj\u00edc\u00ed nebo jin\u00e9 zodpov\u011bdn\u00e9 osoby. Po skon\u010den\u00ed akce bude touto osobou invent\u00e1\u0159 navr\u00e1cen \u0159idi\u010di ve stejn\u00e9m stavu a po\u010dtu na z\u00e1klad\u011b podpisu. P\u0159\u00edpadn\u00e9 rozd\u00edly v mno\u017estv\u00ed invent\u00e1\u0159e mus\u00ed z\u00e1kazn\u00edk nahl\u00e1sit p\u0159i p\u0159ej\u00edmce. Rozd\u00edly budou zaznamen\u00e1ny do p\u0159ed\u00e1vac\u00edho protokolu. V p\u0159\u00edpad\u011b, \u017ee chyb\u011bj\u00edc\u00ed kusy nebudou vr\u00e1ceny do 24 hodin po akci, budou n\u00e1sledn\u011b z\u00e1kazn\u00edkovi do\u00fa\u010dtov\u00e1ny, dle n\u00ed\u017ee uveden\u00e9ho cen\u00edku.<\/p>\n\n\n\n<p>P\u0159i platb\u011b hotov\u011b nebo kartou si ED vyhrazuje \u00fa\u010dtovat na zap\u016fj\u010den\u00fd invent\u00e1\u0159 z\u00e1lohu.<\/p>\n\n\n\n<p><strong>Cen\u00edk ztr\u00e1tovn\u00e9ho<\/strong><\/p>\n\n\n\n<p>V p\u0159\u00edpad\u011b ztr\u00e1ty nebo po\u0161kozen\u00ed zap\u016fj\u010den\u00e9 invent\u00e1\u0159e nebo mobili\u00e1\u0159e budou dou\u010dtov\u00e1ny tyto n\u00e1klady, ceny v K\u010d bez DPH:<\/p>\n\n\n\n<ul class=\"wp-block-list\">\n<li>Elektrick\u00fd kabel 50m 1900,-<\/li>\n\n\n\n<li>Konferen\u010dn\u00ed \u017eidle 2500,-<\/li>\n\n\n\n<li>L\u017e\u00edce pol\u00e9vkov\u00e1 40,-<\/li>\n\n\n\n<li>L\u017ei\u010dka k\u00e1vov\u00e1 30,-<\/li>\n\n\n\n<li>Miska na pol\u00e9vku 60,-<\/li>\n\n\n\n<li>Miska na sal\u00e1tek 60,-<\/li>\n\n\n\n<li>Mobiln\u00ed ko\u0161 590,-<\/li>\n\n\n\n<li>N\u016f\u017e masov\u00fd 40,-<\/li>\n\n\n\n<li>Paravan 1000,-<\/li>\n\n\n\n<li>PB bomba 10 kg 2500,-<\/li>\n\n\n\n<li>Pivn\u00ed set 5000,-<\/li>\n\n\n\n<li>P\u0159ekl\u00e1dac\u00ed p\u0159\u00edbor (v+l) 100,-<\/li>\n\n\n\n<li>Ram\u00ednko 20,-<\/li>\n\n\n\n<li>Skleni\u010dka hork\u00e9 n\u00e1poje 35,-<\/li>\n\n\n\n<li>Skleni\u010dka long 25,-<\/li>\n\n\n\n<li>Skleni\u010dka sekt 80,-<\/li>\n\n\n\n<li>Skleni\u010dka v\u00edno 80,-<\/li>\n\n\n\n<li>Skleni\u010dka whisky 50,-<\/li>\n\n\n\n<li>Sklenice na pivo 80,-<\/li>\n\n\n\n<li>Stan 3mx3m 20000,-<\/li>\n\n\n\n<li>Stan 6mx3m 30000,-<\/li>\n\n\n\n<li>Serv\u00edrovac\u00ed st\u016fl amerika 1,5x0,8m 3500,-<\/li>\n\n\n\n<li>Bistro st\u016fl 3500,-<\/li>\n\n\n\n<li>\u0160\u00e1lek+pod\u0161\u00e1lek 80,-<\/li>\n\n\n\n<li>\u0160\u00e1lek+pod\u0161\u00e1lek 350ml 80,-<\/li>\n\n\n\n<li>Tal\u00ed\u0159 hranat\u00fd mal\u00fd \/ velk\u00fd 150\/ 200,-<\/li>\n\n\n\n<li>Tal\u00ed\u0159 dezertn\u00ed 50,-<\/li>\n\n\n\n<li>Tal\u00ed\u0159 masov\u00fd 70,-<\/li>\n\n\n\n<li>Top stre\u010dov\u00fd na bistro st\u016fl 1000,-<\/li>\n\n\n\n<li>Ubrus 2,9x2,9m 2000,-<\/li>\n\n\n\n<li>V\u00e1rnice 15l 4500 ,-<\/li>\n\n\n\n<li>Vidli\u010dka masov\u00e1 50,-<\/li>\n\n\n\n<li>Vidli\u010dka dezertn\u00ed 40,-<\/li>\n\n\n\n<li>Poh\u00e1r na led\/davis cup 1200,-<\/li>\n<\/ul>\n\n\n\n<p><\/p>\n\n\n\n<p>V p\u0159\u00edpad\u011b sjedn\u00e1n\u00ed vyzvednut\u00ed chyb\u011bj\u00edc\u00edho invent\u00e1\u0159e v jin\u00fd ne\u017e p\u016fvodn\u00ed smluven\u00fd term\u00edn bude na\u00fa\u010dtov\u00e1n extra svoz invent\u00e1\u0159e dle platn\u00e9ho cen\u00edku dodavatele.<\/p>\n\n\n\n<p><strong>Minim\u00e1ln\u00ed objedn\u00e1vka a doprava<\/strong><br>Minim\u00e1ln\u00ed objedn\u00e1vka je stanovena 2000 K\u010d bez DPH.<\/p>\n\n\n\n<p>Kur\u00fd\u0159i ED se v\u017edy sna\u017e\u00ed doru\u010dit objedn\u00e1vku na objednan\u00fd \u010das. Z d\u016fvodu aktu\u00e1ln\u00ed dopravn\u00ed situace si Spole\u010dnost vyhrazuje pr\u00e1vo doru\u010dit objedn\u00e1vku v rozmez\u00ed 45 minut p\u0159ed objednan\u00fdm \u010dasem a\u017e 15 minut po objednan\u00e9m \u010dase doru\u010den\u00ed. Z\u00e1kazn\u00edk se zavazuje, \u017ee ve vybran\u00e9m okn\u011b zajist\u00ed rychl\u00e9 p\u0159evzet\u00ed objedn\u00e1vky. P\u0159i volb\u011b \u010dasu, pros\u00edm berte toto na v\u011bdom\u00ed.<\/p>\n\n\n\n<p>Doru\u010den\u00ed zbo\u017e\u00ed prob\u00edh\u00e1 prim\u00e1rn\u011b pouze na \u00fazem\u00ed hlavn\u00edho m\u011bsta Prahy. Cena dopravy je ur\u010dena ke ka\u017ed\u00e9 dodac\u00ed adrese individu\u00e1ln\u011b. V p\u0159\u00edpad\u011b nutnosti doru\u010dit objedn\u00e1vku mimo \u00fazem\u00ed Prahy, je stanovena minim\u00e1ln\u00ed objedn\u00e1vka na 5.000K\u010d bez DPH. Cena dopravn\u00e9ho bude kalkulov\u00e1na individu\u00e1ln\u011b.<\/p>\n\n\n\n<p><strong>Kontaktn\u00ed \u00fadaje spole\u010dnosti:<\/strong><br>EXPRESS DELI s.r.o., Michelsk\u00e1 1552\/58, Michle, 141 00 Praha 4, \u010cesk\u00e1 republika<\/p>\n\n\n\n<p>Email: catermat@catermat.com , Web: www.catermat.com Telefon: +420 222 510 446<\/p>\n\n\n\n<p>I\u010c: 26153882, DI\u010c: CZ-26153882<\/p>\n\n\n\n<p><strong>STORNO podm\u00ednky<\/strong><br>Odesl\u00e1n\u00edm objedn\u00e1vky nebo schv\u00e1len\u00edm nab\u00eddky se st\u00e1v\u00e1 objedn\u00e1vka z\u00e1vaznou. Zru\u0161en\u00ed \u010di zm\u011bna objedn\u00e1vky dle storno podm\u00ednek zobrazen\u00fdch v eshopu a nab\u00eddk\u00e1ch spole\u010dnosti.<\/p>\n\n\n\n<p><strong>Platnost cen na eshopu<\/strong><\/p>\n\n\n\n<p>Ceny jsou orienta\u010dn\u00ed a jsou z\u00e1vazn\u00e9 a\u017e po zp\u011btn\u00e9m potvrzen\u00ed obchodn\u00edm odd\u011blen\u00edm EXPRESS DELI. U kalkulac\u00ed - nab\u00eddek je platnost cen 30 kalend\u00e1\u0159n\u00edch dn\u016f<\/p>\n","protected":false},"excerpt":{"rendered":"<p>Obecn\u00e9 informaceTento objedn\u00e1vkov\u00fd syst\u00e9m (d\u00e1le jen SYST\u00c9M) je provozov\u00e1n spole\u010dnost\u00ed EXPRESS DELI s.r.o. a je ur\u010den POUZE registrovan\u00fdm u\u017eivatel\u016fm, kte\u0159\u00ed jsou autorizov\u00e1ni spole\u010dnost\u00ed EXPRESS DELI. [&hellip;]<\/p>\n","protected":false},"author":1,"featured_media":0,"parent":0,"menu_order":0,"comment_status":"closed","ping_status":"closed","template":"","meta":{"_acf_changed":false,"inline_featured_image":false,"footnotes":""},"class_list":["post-27","page","type-page","status-publish","hentry"],"acf":[],"_links":{"self":[{"href":"https:\/\/catermat.200.solutions\/index.php?rest_route=\/wp\/v2\/pages\/27","targetHints":{"allow":["GET"]}}],"collection":[{"href":"https:\/\/catermat.200.solutions\/index.php?rest_route=\/wp\/v2\/pages"}],"about":[{"href":"https:\/\/catermat.200.solutions\/index.php?rest_route=\/wp\/v2\/types\/page"}],"author":[{"embeddable":true,"href":"https:\/\/catermat.200.solutions\/index.php?rest_route=\/wp\/v2\/users\/1"}],"replies":[{"embeddable":true,"href":"https:\/\/catermat.200.solutions\/index.php?rest_route=%2Fwp%2Fv2%2Fcomments&post=27"}],"version-history":[{"count":5,"href":"https:\/\/catermat.200.solutions\/index.php?rest_route=\/wp\/v2\/pages\/27\/revisions"}],"predecessor-version":[{"id":2402,"href":"https:\/\/catermat.200.solutions\/index.php?rest_route=\/wp\/v2\/pages\/27\/revisions\/2402"}],"wp:attachment":[{"href":"https:\/\/catermat.200.solutions\/index.php?rest_route=%2Fwp%2Fv2%2Fmedia&parent=27"}],"curies":[{"name":"wp","href":"https:\/\/api.w.org\/{rel}","templated":true}]}}