{"id":100,"date":"2024-02-25T11:56:13","date_gmt":"2024-02-25T10:56:13","guid":{"rendered":"https:\/\/catermat.200.solutions\/?page_id=100"},"modified":"2024-03-14T08:08:23","modified_gmt":"2024-03-14T07:08:23","slug":"networking","status":"publish","type":"page","link":"https:\/\/catermat.200.solutions\/?page_id=100","title":{"rendered":"Networking"},"content":{"rendered":"\n<p><strong>Budujeme s\u00ed\u0165!<\/strong> <\/p>\n\n\n\n<div class=\"wp-block-columns is-layout-flex wp-container-core-columns-is-layout-28f84493 wp-block-columns-is-layout-flex\">\n<div class=\"wp-block-column is-layout-flow wp-block-column-is-layout-flow\" style=\"flex-basis:100%\">\n<p>S\u00ed\u0165 partner\u016f, dodavatel\u016f, klient\u016f a inspiruj\u00edc\u00edch p\u0159\u00edb\u011bh\u016f, kter\u00e1 m\u00e1 za \u00fakol propojit pr\u00e1v\u011b V\u00e1s! Ka\u017ed\u00e1 ud\u00e1lost je unik\u00e1tn\u00ed, zad\u00e1n\u00ed r\u016fznorod\u00e1 a v\u00fdsledkem ve\u0161ker\u00e9ho sna\u017een\u00ed by m\u011bl b\u00fdt z\u00e1\u017eitek, kter\u00fd v\u0161em utkv\u00ed v pam\u011bti! <\/p>\n\n\n\n<p>Na\u0161\u00edm \u00fakolem je Va\u0161e zad\u00e1n\u00ed nejen splnit, ale tak\u00e9 pov\u00fd\u0161it. Bude onou p\u0159idanou hodnotou \u0159emesln\u00fd workshop, netradi\u010dn\u00ed teambuilding p\u0159\u00edmo uprost\u0159ed Vltavy, unik\u00e1tn\u00ed prostor v \u00fatrob\u00e1ch st\u0159edn\u00ed \u0161koly nebo jen mil\u00e9 sezn\u00e1men\u00ed s inspiruj\u00edc\u00edmi lidmi na jedn\u00e9 z na\u0161ich klientsk\u00fdch akc\u00ed? To u\u017e z\u00e1le\u017e\u00ed pouze na V\u00e1s. <\/p>\n\n\n\n<p><strong>P\u0159idejte se k n\u00e1m a pomozte n\u00e1m budovat tuto nekone\u010dnou, av\u0161ak velmi pevnou s\u00ed\u0165 vztah\u016f a jedine\u010dn\u00fdch z\u00e1\u017eitk\u016f.<\/strong><\/p>\n<\/div>\n<\/div>\n\n\n\n<p><\/p>\n","protected":false},"excerpt":{"rendered":"<p>Budujeme s\u00ed\u0165! S\u00ed\u0165 partner\u016f, dodavatel\u016f, klient\u016f a inspiruj\u00edc\u00edch p\u0159\u00edb\u011bh\u016f, kter\u00e1 m\u00e1 za \u00fakol propojit pr\u00e1v\u011b V\u00e1s! Ka\u017ed\u00e1 ud\u00e1lost je unik\u00e1tn\u00ed, zad\u00e1n\u00ed r\u016fznorod\u00e1 a v\u00fdsledkem ve\u0161ker\u00e9ho [&hellip;]<\/p>\n","protected":false},"author":1,"featured_media":0,"parent":0,"menu_order":0,"comment_status":"closed","ping_status":"closed","template":"","meta":{"_acf_changed":false,"inline_featured_image":false,"footnotes":""},"class_list":["post-100","page","type-page","status-publish","hentry"],"acf":[],"_links":{"self":[{"href":"https:\/\/catermat.200.solutions\/index.php?rest_route=\/wp\/v2\/pages\/100","targetHints":{"allow":["GET"]}}],"collection":[{"href":"https:\/\/catermat.200.solutions\/index.php?rest_route=\/wp\/v2\/pages"}],"about":[{"href":"https:\/\/catermat.200.solutions\/index.php?rest_route=\/wp\/v2\/types\/page"}],"author":[{"embeddable":true,"href":"https:\/\/catermat.200.solutions\/index.php?rest_route=\/wp\/v2\/users\/1"}],"replies":[{"embeddable":true,"href":"https:\/\/catermat.200.solutions\/index.php?rest_route=%2Fwp%2Fv2%2Fcomments&post=100"}],"version-history":[{"count":6,"href":"https:\/\/catermat.200.solutions\/index.php?rest_route=\/wp\/v2\/pages\/100\/revisions"}],"predecessor-version":[{"id":2399,"href":"https:\/\/catermat.200.solutions\/index.php?rest_route=\/wp\/v2\/pages\/100\/revisions\/2399"}],"wp:attachment":[{"href":"https:\/\/catermat.200.solutions\/index.php?rest_route=%2Fwp%2Fv2%2Fmedia&parent=100"}],"curies":[{"name":"wp","href":"https:\/\/api.w.org\/{rel}","templated":true}]}}